{"id":7928,"date":"2016-10-19T11:33:11","date_gmt":"2016-10-19T11:33:11","guid":{"rendered":"http:\/\/pro-theme.com\/wordpress\/autozone\/?page_id=7928"},"modified":"2017-12-26T19:12:47","modified_gmt":"2017-12-26T19:12:47","slug":"home-2","status":"publish","type":"page","link":"https:\/\/verano.si\/en\/","title":{"rendered":"Home"},"content":{"rendered":"<p>[vc_row full_width=&#8221;stretch_row_content_no_spaces&#8221; css=&#8221;.vc_custom_1513109300258{background-color: #ffffff !important;}&#8221;][vc_column][rev_slider_vc alias=&#8221;home-blue&#8221;][\/vc_column][\/vc_row][vc_row full_width=&#8221;stretch_row&#8221; parallax=&#8221;content-moving&#8221; parallax_image=&#8221;8186&#8243; ppadding=&#8221;vc_row-padding-bottom&#8221; pdecor=&#8221;top&#8221; css=&#8221;.vc_custom_1513683190057{padding-top: 50px !important;padding-bottom: 50px !important;}&#8221;][vc_column][vc_row_inner][vc_column_inner][section_banner title=&#8221;VERANO&#8221; use_decor=&#8221;true&#8221; image1=&#8221;8213&#8243; img_text1=&#8221;GEL MATIC&#8221; link1=&#8221;url:http%3A%2F%2Fverano.si%2Fproducts%2Fgelmatic%2F|||&#8221; image2=&#8221;8214&#8243; img_text2=&#8221;CATTABRIGA&#8221; link2=&#8221;url:http%3A%2F%2Fverano.si%2Fproduct-category%2Ficeteam-1927%2Fcattabriga%2F|||&#8221; image3=&#8221;8215&#8243; img_text3=&#8221;COLDELITE&#8221; link3=&#8221;url:http%3A%2F%2Fverano.si%2Fproduct-category%2Ficeteam-1927%2Fcoldelite%2F|||&#8221; image4=&#8221;8216&#8243; img_text4=&#8221;PROMAG&#8221; link4=&#8221;url:http%3A%2F%2Fverano.si%2Fproduct-category%2Ficeteam-1927%2Fpromag%2F|||&#8221;]OFFICIAL WEBSITE[\/section_banner][\/vc_column_inner][\/vc_row_inner][vc_row_inner][vc_column_inner width=&#8221;1\/6&#8243;][\/vc_column_inner][vc_column_inner width=&#8221;2\/3&#8243;][vc_column_text]<\/p>\n<p style=\"text-align: center;\">Podjetje Verano d.o.o. je specializirano na podro\u010dju izdelave obrtni\u0161kega italijanskega sladoleda ter to\u010denega ali mehkega sladoleda. Z dolgoletnimi izku\u0161njami v lastni izdelavi to\u010denega sladoleda nastopamo na trgih Slovenije in Hrva\u0161ke tudi kot zastopnik za blagovni znamki <strong>Gel Matic<\/strong> Italia in <strong>Iceteam 1927<\/strong> (Cattabriga, Coldelite, Promag).<\/p>\n<p style=\"text-align: center;\">Podjetje Gel Matic Italia letos praznuje 45. obletnico delovanja in je vodilno svetovno podjetje pri proizvodnji aparatov za to\u010deni ali mehki sladoled, podjetje Iceteam 1927 pa je z blagovno znamko Cattabriga izumitelj prvega mehanskega me\u0161alca za obrtni\u0161ki sladoled ali gelato artiganale.<\/p>\n<p>[\/vc_column_text][\/vc_column_inner][vc_column_inner width=&#8221;1\/6&#8243;][\/vc_column_inner][\/vc_row_inner][vc_row_inner][vc_column_inner][vc_column_text]<a class=\"brand-link text-center\" href=\"http:\/\/verano.si\/products\/\"><i class=\"icon fa fa-caret-right\"><\/i>SEE LISTED PRODUCTS<i class=\"icon fa fa-caret-left\"><\/i><\/a>[\/vc_column_text][\/vc_column_inner][\/vc_row_inner][\/vc_column][\/vc_row][vc_row full_width=&#8221;stretch_row&#8221; parallax=&#8221;content-moving&#8221; parallax_image=&#8221;8123&#8243; ppadding=&#8221;vc_row-padding-both&#8221; ptextcolor=&#8221;White&#8221; css=&#8221;.vc_custom_1513687916168{background: rgba(10,10,10,0.75) url(http:\/\/pro-theme.com\/wordpress\/autozone\/wp-content\/uploads\/2016\/01\/3.jpg?id=30);*background-color: rgb(10,10,10) !important;}&#8221;][vc_column][block_title title=&#8221;REAL FACTS&#8221;]WE HAVE SOME SUPERB FACTS HERE[\/block_title][section_amounts][section_amount title=&#8221;LET NA TRGU&#8221; amount=&#8221;15+&#8221; type=&#8221;pixfontawesome&#8221; icon_pixfontawesome=&#8221;fa fa-thumbs-o-up&#8221;][section_amount title=&#8221;ZADOVOLJNIH STRANK&#8221; amount=&#8221;80+&#8221; type=&#8221;pixfontawesome&#8221; icon_pixfontawesome=&#8221;fa fa-smile-o&#8221;][section_amount title=&#8221;SLADOLEDNIH U\u017dITKOV&#8221; amount=&#8221;1000000+&#8221; type=&#8221;pixfontawesome&#8221; icon_pixfontawesome=&#8221;fa fa-heart-o&#8221;][\/section_amounts][\/vc_column][\/vc_row][vc_row ppadding=&#8221;vc_row-padding-bottom&#8221; pdecor=&#8221;both&#8221; css=&#8221;.vc_custom_1513284148984{padding-top: 100px !important;padding-bottom: 70px !important;}&#8221;][vc_column][block_posts link=&#8221;url:http%3A%2F%2Fpro-theme.com%2Fwordpress%2Fautozone%2Fblog%2F|||&#8221; skin=&#8221;pix-lastnews-dark&#8221;]READ our latest blog news[\/block_posts][\/vc_column][\/vc_row][vc_row full_width=&#8221;stretch_row&#8221; equal_height=&#8221;yes&#8221; content_placement=&#8221;middle&#8221; parallax=&#8221;content-moving&#8221; parallax_image=&#8221;8407&#8243; ppadding=&#8221;vc_row-padding-both&#8221; ptextcolor=&#8221;White&#8221; css=&#8221;.vc_custom_1513687958794{padding-top: 60px !important;padding-bottom: 100px !important;background-color: rgba(10,10,10,0.75) !important;*background-color: rgb(10,10,10) !important;}&#8221;][vc_column][section_brands disable_carousel=&#8221;0&#8243; brands_per_page=&#8221;4&#8243;][section_brand image=&#8221;8400&#8243; url=&#8221;url:http%3A%2F%2Fvigo-icecream.com||target:%20_blank|rel:nofollow&#8221;][section_brand image=&#8221;8412&#8243; url=&#8221;url:http%3A%2F%2Fverano.si||target:%20_blank|&#8221;][section_brand image=&#8221;8403&#8243; url=&#8221;url:https%3A%2F%2Fwww.facebook.com%2FGrefino-844853015607513%2F||target:%20_blank|rel:nofollow&#8221;][section_brand image=&#8221;8401&#8243; url=&#8221;url:http%3A%2F%2Fcapra.si||target:%20_blank|&#8221;][section_brand image=&#8221;8458&#8243; url=&#8221;url:http%3A%2F%2Fverano.si||target:%20_blank|&#8221;][\/section_brands][\/vc_column][\/vc_row][vc_row ppadding=&#8221;vc_row-padding-top&#8221; ptextcolor=&#8221;Black&#8221; css=&#8221;.vc_custom_1513111771410{padding-top: 50px !important;}&#8221;][vc_column][block_title title=&#8221;CONTACT US&#8221;]Do you need our expert?[\/block_title][\/vc_column][\/vc_row][vc_row][vc_column][vc_column_text]<div class=\"center-content\"><div class=\"decor-2\"><i class=\"icon fa fa-caret-down\"><\/i><\/div><\/div>\n            <div class=\"center-content\"><h2 class=\"ui-title-inner\">FEEL FREE TO SEND US A MESSAGE<br \/>\nOR ASK FOR A FREE QUOTE<\/h2><\/div>\n            <div class=\"center-content\"><div class=\"decor-1\"><\/div><\/div>[\/vc_column_text][\/vc_column][\/vc_row][vc_row ppadding=&#8221;vc_row-padding-bottom&#8221; css=&#8221;.vc_custom_1473772511297{padding-top: 20px !important;}&#8221;][vc_column]<div role=\"form\" class=\"wpcf7\" id=\"wpcf7-f7823-o1\" lang=\"en-US\" dir=\"ltr\">\n<div class=\"screen-reader-response\"><p role=\"status\" aria-live=\"polite\" aria-atomic=\"true\"><\/p> <ul><\/ul><\/div>\n<form action=\"\/en\/wp-json\/wp\/v2\/pages\/7928#wpcf7-f7823-o1\" method=\"post\" class=\"wpcf7-form init\" novalidate=\"novalidate\" data-status=\"init\">\n<div style=\"display: none;\">\n<input type=\"hidden\" name=\"_wpcf7\" value=\"7823\" \/>\n<input type=\"hidden\" name=\"_wpcf7_version\" value=\"5.4.2\" \/>\n<input type=\"hidden\" name=\"_wpcf7_locale\" value=\"en_US\" \/>\n<input type=\"hidden\" name=\"_wpcf7_unit_tag\" value=\"wpcf7-f7823-o1\" \/>\n<input type=\"hidden\" name=\"_wpcf7_container_post\" value=\"0\" \/>\n<input type=\"hidden\" name=\"_wpcf7_posted_data_hash\" value=\"\" \/>\n<\/div>\n<div class=\"form-contact\">\n<div class=\"row\">\n<div class=\"col-sm-6\"> <span class=\"wpcf7-form-control-wrap your-name\"><input type=\"text\" name=\"your-name\" value=\"\" size=\"40\" class=\"wpcf7-form-control wpcf7-text wpcf7-validates-as-required\" aria-required=\"true\" aria-invalid=\"false\" placeholder=\"First Name\" \/><\/span> <\/div>\n<div class=\"col-sm-6\"> <span class=\"wpcf7-form-control-wrap your-name\"><input type=\"text\" name=\"your-name\" value=\"\" size=\"40\" class=\"wpcf7-form-control wpcf7-text wpcf7-validates-as-required\" aria-required=\"true\" aria-invalid=\"false\" placeholder=\"Last Name\" \/><\/span> <\/div>\n<\/div>\n<div class=\"row\">\n<div class=\"col-sm-6\"> <span class=\"wpcf7-form-control-wrap your-email\"><input type=\"email\" name=\"your-email\" value=\"\" size=\"40\" class=\"wpcf7-form-control wpcf7-text wpcf7-email wpcf7-validates-as-required wpcf7-validates-as-email\" aria-required=\"true\" aria-invalid=\"false\" placeholder=\"Email\" \/><\/span> <\/div>\n<div class=\"col-sm-6\"> <span class=\"wpcf7-form-control-wrap your-subject\"><input type=\"text\" name=\"your-subject\" value=\"\" size=\"40\" class=\"wpcf7-form-control wpcf7-text\" aria-invalid=\"false\" placeholder=\"Subject\" \/><\/span> <\/div>\n<\/div>\n<div class=\"row\">\n<div class=\"col-xs-12\"><span class=\"wpcf7-form-control-wrap your-message\"><textarea name=\"your-message\" cols=\"40\" rows=\"10\" class=\"wpcf7-form-control wpcf7-textarea\" aria-invalid=\"false\"><\/textarea><\/span>\n<div class=\"btn text-center\">\n      <input type=\"submit\" value=\"send message\" class=\"wpcf7-form-control wpcf7-submit\" \/>\n      <\/div>\n<\/div>\n<\/div>\n<\/div>\n<div class=\"inv-recaptcha-holder\"><\/div><div class=\"wpcf7-response-output\" aria-hidden=\"true\"><\/div><\/form><\/div>[\/vc_column][\/vc_row]<\/p>\n","protected":false},"excerpt":{"rendered":"<p>[vc_row full_width=&#8221;stretch_row_content_no_spaces&#8221; css=&#8221;.vc_custom_1513109300258{background-color: #ffffff !important;}&#8221;][vc_column][rev_slider_vc alias=&#8221;home-blue&#8221;][\/vc_column][\/vc_row][vc_row full_width=&#8221;stretch_row&#8221; parallax=&#8221;content-moving&#8221; parallax_image=&#8221;8186&#8243; ppadding=&#8221;vc_row-padding-bottom&#8221; pdecor=&#8221;top&#8221; css=&#8221;.vc_custom_1513683190057{padding-top: 50px !important;padding-bottom: 50px !important;}&#8221;][vc_column][vc_row_inner][vc_column_inner][section_banner title=&#8221;VERANO&#8221; use_decor=&#8221;true&#8221; image1=&#8221;8213&#8243; img_text1=&#8221;GEL MATIC&#8221; link1=&#8221;url:http%3A%2F%2Fverano.si%2Fproducts%2Fgelmatic%2F|||&#8221; image2=&#8221;8214&#8243; img_text2=&#8221;CATTABRIGA&#8221; link2=&#8221;url:http%3A%2F%2Fverano.si%2Fproduct-category%2Ficeteam-1927%2Fcattabriga%2F|||&#8221; image3=&#8221;8215&#8243; img_text3=&#8221;COLDELITE&#8221; link3=&#8221;url:http%3A%2F%2Fverano.si%2Fproduct-category%2Ficeteam-1927%2Fcoldelite%2F|||&#8221; image4=&#8221;8216&#8243; img_text4=&#8221;PROMAG&#8221; link4=&#8221;url:http%3A%2F%2Fverano.si%2Fproduct-category%2Ficeteam-1927%2Fpromag%2F|||&#8221;]OFFICIAL WEBSITE[\/section_banner][\/vc_column_inner][\/vc_row_inner][vc_row_inner][vc_column_inner width=&#8221;1\/6&#8243;][\/vc_column_inner][vc_column_inner width=&#8221;2\/3&#8243;][vc_column_text] Podjetje Verano d.o.o. je specializirano na podro\u010dju izdelave obrtni\u0161kega italijanskega sladoleda ter to\u010denega ali mehkega sladoleda. Z dolgoletnimi izku\u0161njami v lastni [&hellip;]<\/p>\n","protected":false},"author":1,"featured_media":0,"parent":0,"menu_order":0,"comment_status":"closed","ping_status":"open","template":"page-home.php","meta":[],"yoast_head":"<!-- This site is optimized with the Yoast SEO plugin v16.8 - https:\/\/yoast.com\/wordpress\/plugins\/seo\/ -->\n<title>Home | Verano d.o.o.<\/title>\n<meta name=\"robots\" content=\"index, follow, max-snippet:-1, max-image-preview:large, max-video-preview:-1\" \/>\n<link rel=\"canonical\" href=\"https:\/\/verano.si\/en\/\" \/>\n<meta property=\"og:locale\" content=\"en_US\" \/>\n<meta property=\"og:type\" content=\"article\" \/>\n<meta property=\"og:title\" content=\"Home | Verano d.o.o.\" \/>\n<meta property=\"og:description\" content=\"[vc_row full_width=&#8221;stretch_row_content_no_spaces&#8221; css=&#8221;.vc_custom_1513109300258{background-color: #ffffff !important;}&#8221;][vc_column][rev_slider_vc alias=&#8221;home-blue&#8221;][\/vc_column][\/vc_row][vc_row full_width=&#8221;stretch_row&#8221; parallax=&#8221;content-moving&#8221; parallax_image=&#8221;8186&#8243; ppadding=&#8221;vc_row-padding-bottom&#8221; pdecor=&#8221;top&#8221; css=&#8221;.vc_custom_1513683190057{padding-top: 50px !important;padding-bottom: 50px !important;}&#8221;][vc_column][vc_row_inner][vc_column_inner][section_banner title=&#8221;VERANO&#8221; use_decor=&#8221;true&#8221; image1=&#8221;8213&#8243; img_text1=&#8221;GEL MATIC&#8221; link1=&#8221;url:http%3A%2F%2Fverano.si%2Fproducts%2Fgelmatic%2F|||&#8221; image2=&#8221;8214&#8243; img_text2=&#8221;CATTABRIGA&#8221; link2=&#8221;url:http%3A%2F%2Fverano.si%2Fproduct-category%2Ficeteam-1927%2Fcattabriga%2F|||&#8221; image3=&#8221;8215&#8243; img_text3=&#8221;COLDELITE&#8221; link3=&#8221;url:http%3A%2F%2Fverano.si%2Fproduct-category%2Ficeteam-1927%2Fcoldelite%2F|||&#8221; image4=&#8221;8216&#8243; img_text4=&#8221;PROMAG&#8221; link4=&#8221;url:http%3A%2F%2Fverano.si%2Fproduct-category%2Ficeteam-1927%2Fpromag%2F|||&#8221;]OFFICIAL WEBSITE[\/section_banner][\/vc_column_inner][\/vc_row_inner][vc_row_inner][vc_column_inner width=&#8221;1\/6&#8243;][\/vc_column_inner][vc_column_inner width=&#8221;2\/3&#8243;][vc_column_text] Podjetje Verano d.o.o. je specializirano na podro\u010dju izdelave obrtni\u0161kega italijanskega sladoleda ter to\u010denega ali mehkega sladoleda. Z dolgoletnimi izku\u0161njami v lastni [&hellip;]\" \/>\n<meta property=\"og:url\" content=\"https:\/\/verano.si\/en\/\" \/>\n<meta property=\"og:site_name\" content=\"Verano d.o.o.\" \/>\n<meta property=\"article:modified_time\" content=\"2017-12-26T19:12:47+00:00\" \/>\n<meta name=\"twitter:card\" content=\"summary_large_image\" \/>\n<meta name=\"twitter:label1\" content=\"Est. reading time\" \/>\n\t<meta name=\"twitter:data1\" content=\"3 minutes\" \/>\n<script type=\"application\/ld+json\" class=\"yoast-schema-graph\">{\"@context\":\"https:\/\/schema.org\",\"@graph\":[{\"@type\":\"Organization\",\"@id\":\"https:\/\/verano.si\/#organization\",\"name\":\"Verano d.o.o.\",\"url\":\"https:\/\/verano.si\/\",\"sameAs\":[],\"logo\":{\"@type\":\"ImageObject\",\"@id\":\"https:\/\/verano.si\/#logo\",\"inLanguage\":\"en-US\",\"url\":\"https:\/\/verano.si\/wp-content\/uploads\/2017\/12\/Verano_logo_black-1.png\",\"contentUrl\":\"https:\/\/verano.si\/wp-content\/uploads\/2017\/12\/Verano_logo_black-1.png\",\"width\":117,\"height\":20,\"caption\":\"Verano d.o.o.\"},\"image\":{\"@id\":\"https:\/\/verano.si\/#logo\"}},{\"@type\":\"WebSite\",\"@id\":\"https:\/\/verano.si\/#website\",\"url\":\"https:\/\/verano.si\/\",\"name\":\"Verano d.o.o.\",\"description\":\"Specialisti v izdelavi sladoleda\",\"publisher\":{\"@id\":\"https:\/\/verano.si\/#organization\"},\"potentialAction\":[{\"@type\":\"SearchAction\",\"target\":{\"@type\":\"EntryPoint\",\"urlTemplate\":\"https:\/\/verano.si\/?s={search_term_string}\"},\"query-input\":\"required name=search_term_string\"}],\"inLanguage\":\"en-US\"},{\"@type\":\"WebPage\",\"@id\":\"https:\/\/verano.si\/en\/#webpage\",\"url\":\"https:\/\/verano.si\/en\/\",\"name\":\"Home | Verano d.o.o.\",\"isPartOf\":{\"@id\":\"https:\/\/verano.si\/#website\"},\"datePublished\":\"2016-10-19T11:33:11+00:00\",\"dateModified\":\"2017-12-26T19:12:47+00:00\",\"breadcrumb\":{\"@id\":\"https:\/\/verano.si\/en\/#breadcrumb\"},\"inLanguage\":\"en-US\",\"potentialAction\":[{\"@type\":\"ReadAction\",\"target\":[\"https:\/\/verano.si\/en\/\"]}]},{\"@type\":\"BreadcrumbList\",\"@id\":\"https:\/\/verano.si\/en\/#breadcrumb\",\"itemListElement\":[{\"@type\":\"ListItem\",\"position\":1,\"name\":\"Home\",\"item\":\"https:\/\/verano.si\/en\/\"},{\"@type\":\"ListItem\",\"position\":2,\"name\":\"Home\"}]}]}<\/script>\n<!-- \/ Yoast SEO plugin. -->","yoast_head_json":{"title":"Home | Verano d.o.o.","robots":{"index":"index","follow":"follow","max-snippet":"max-snippet:-1","max-image-preview":"max-image-preview:large","max-video-preview":"max-video-preview:-1"},"canonical":"https:\/\/verano.si\/en\/","og_locale":"en_US","og_type":"article","og_title":"Home | Verano d.o.o.","og_description":"[vc_row full_width=&#8221;stretch_row_content_no_spaces&#8221; css=&#8221;.vc_custom_1513109300258{background-color: #ffffff !important;}&#8221;][vc_column][rev_slider_vc alias=&#8221;home-blue&#8221;][\/vc_column][\/vc_row][vc_row full_width=&#8221;stretch_row&#8221; parallax=&#8221;content-moving&#8221; parallax_image=&#8221;8186&#8243; ppadding=&#8221;vc_row-padding-bottom&#8221; pdecor=&#8221;top&#8221; css=&#8221;.vc_custom_1513683190057{padding-top: 50px !important;padding-bottom: 50px !important;}&#8221;][vc_column][vc_row_inner][vc_column_inner][section_banner title=&#8221;VERANO&#8221; use_decor=&#8221;true&#8221; image1=&#8221;8213&#8243; img_text1=&#8221;GEL MATIC&#8221; link1=&#8221;url:http%3A%2F%2Fverano.si%2Fproducts%2Fgelmatic%2F|||&#8221; image2=&#8221;8214&#8243; img_text2=&#8221;CATTABRIGA&#8221; link2=&#8221;url:http%3A%2F%2Fverano.si%2Fproduct-category%2Ficeteam-1927%2Fcattabriga%2F|||&#8221; image3=&#8221;8215&#8243; img_text3=&#8221;COLDELITE&#8221; link3=&#8221;url:http%3A%2F%2Fverano.si%2Fproduct-category%2Ficeteam-1927%2Fcoldelite%2F|||&#8221; image4=&#8221;8216&#8243; img_text4=&#8221;PROMAG&#8221; link4=&#8221;url:http%3A%2F%2Fverano.si%2Fproduct-category%2Ficeteam-1927%2Fpromag%2F|||&#8221;]OFFICIAL WEBSITE[\/section_banner][\/vc_column_inner][\/vc_row_inner][vc_row_inner][vc_column_inner width=&#8221;1\/6&#8243;][\/vc_column_inner][vc_column_inner width=&#8221;2\/3&#8243;][vc_column_text] Podjetje Verano d.o.o. je specializirano na podro\u010dju izdelave obrtni\u0161kega italijanskega sladoleda ter to\u010denega ali mehkega sladoleda. Z dolgoletnimi izku\u0161njami v lastni [&hellip;]","og_url":"https:\/\/verano.si\/en\/","og_site_name":"Verano d.o.o.","article_modified_time":"2017-12-26T19:12:47+00:00","twitter_card":"summary_large_image","twitter_misc":{"Est. reading time":"3 minutes"},"schema":{"@context":"https:\/\/schema.org","@graph":[{"@type":"Organization","@id":"https:\/\/verano.si\/#organization","name":"Verano d.o.o.","url":"https:\/\/verano.si\/","sameAs":[],"logo":{"@type":"ImageObject","@id":"https:\/\/verano.si\/#logo","inLanguage":"en-US","url":"https:\/\/verano.si\/wp-content\/uploads\/2017\/12\/Verano_logo_black-1.png","contentUrl":"https:\/\/verano.si\/wp-content\/uploads\/2017\/12\/Verano_logo_black-1.png","width":117,"height":20,"caption":"Verano d.o.o."},"image":{"@id":"https:\/\/verano.si\/#logo"}},{"@type":"WebSite","@id":"https:\/\/verano.si\/#website","url":"https:\/\/verano.si\/","name":"Verano d.o.o.","description":"Specialisti v izdelavi sladoleda","publisher":{"@id":"https:\/\/verano.si\/#organization"},"potentialAction":[{"@type":"SearchAction","target":{"@type":"EntryPoint","urlTemplate":"https:\/\/verano.si\/?s={search_term_string}"},"query-input":"required name=search_term_string"}],"inLanguage":"en-US"},{"@type":"WebPage","@id":"https:\/\/verano.si\/en\/#webpage","url":"https:\/\/verano.si\/en\/","name":"Home | Verano d.o.o.","isPartOf":{"@id":"https:\/\/verano.si\/#website"},"datePublished":"2016-10-19T11:33:11+00:00","dateModified":"2017-12-26T19:12:47+00:00","breadcrumb":{"@id":"https:\/\/verano.si\/en\/#breadcrumb"},"inLanguage":"en-US","potentialAction":[{"@type":"ReadAction","target":["https:\/\/verano.si\/en\/"]}]},{"@type":"BreadcrumbList","@id":"https:\/\/verano.si\/en\/#breadcrumb","itemListElement":[{"@type":"ListItem","position":1,"name":"Home","item":"https:\/\/verano.si\/en\/"},{"@type":"ListItem","position":2,"name":"Home"}]}]}},"_links":{"self":[{"href":"https:\/\/verano.si\/en\/wp-json\/wp\/v2\/pages\/7928"}],"collection":[{"href":"https:\/\/verano.si\/en\/wp-json\/wp\/v2\/pages"}],"about":[{"href":"https:\/\/verano.si\/en\/wp-json\/wp\/v2\/types\/page"}],"author":[{"embeddable":true,"href":"https:\/\/verano.si\/en\/wp-json\/wp\/v2\/users\/1"}],"replies":[{"embeddable":true,"href":"https:\/\/verano.si\/en\/wp-json\/wp\/v2\/comments?post=7928"}],"version-history":[{"count":50,"href":"https:\/\/verano.si\/en\/wp-json\/wp\/v2\/pages\/7928\/revisions"}],"predecessor-version":[{"id":8824,"href":"https:\/\/verano.si\/en\/wp-json\/wp\/v2\/pages\/7928\/revisions\/8824"}],"wp:attachment":[{"href":"https:\/\/verano.si\/en\/wp-json\/wp\/v2\/media?parent=7928"}],"curies":[{"name":"wp","href":"https:\/\/api.w.org\/{rel}","templated":true}]}}